{"id":3816,"date":"2024-03-24T18:56:00","date_gmt":"2024-03-24T18:56:00","guid":{"rendered":"https:\/\/www.youthculturalheritage.al\/?page_id=3816"},"modified":"2024-04-05T05:25:42","modified_gmt":"2024-04-05T05:25:42","slug":"auto-draft-21","status":"publish","type":"page","link":"https:\/\/www.youthculturalheritage.al\/?page_id=3816","title":{"rendered":"Muzeu Arkeologjik i Durr\u00ebsit"},"content":{"rendered":"<div class=\"vce-row-container\" data-vce-boxed-width=\"true\"><div class=\"vce-row vce-row--col-gap-30 vce-row-equal-height vce-row-content--top\" id=\"el-6df3e8a6\" data-vce-do-apply=\"all el-6df3e8a6\"><div class=\"vce-content-background-container\"><\/div><div class=\"vce-row-content\" data-vce-element-content=\"true\"><div class=\"vce-col vce-col--md-auto vce-col--xs-1 vce-col--xs-last vce-col--xs-first vce-col--sm-last vce-col--sm-first vce-col--md-last vce-col--lg-last vce-col--xl-last vce-col--md-first vce-col--lg-first vce-col--xl-first\" id=\"el-cdccd4a2\"><div class=\"vce-col-inner\" data-vce-do-apply=\"border margin background  el-cdccd4a2\"><div class=\"vce-col-content\" data-vce-element-content=\"true\" data-vce-do-apply=\"padding el-cdccd4a2\"><div class=\"vce-text-block\"><div class=\"vce-text-block-wrapper vce\" id=\"el-0fbc952c\" data-vce-do-apply=\"all el-0fbc952c\"><p>Muzeu Arkeologjik i Durr\u00ebsit \u00ebsht\u00eb nj\u00eb Institucion Kulturor i r\u00ebnd\u00ebsish\u00ebm n\u00eb Shqip\u00ebri. Ai ndodhet n\u00eb qytetin bregdetar t\u00eb Durr\u00ebsit, dhe \u00ebsht\u00eb i njohur p\u00ebr trash\u00ebgimin\u00eb e pasur historike dhe arkeologjike. Muzeu \u00ebsht\u00eb vendosur pran\u00eb amfiteatrit t\u00eb Durr\u00ebsit dhe \u00ebsht\u00eb nj\u00eb destinacion i r\u00ebnd\u00ebsish\u00ebm p\u00ebr turist\u00ebt dhe hulumtuesit e historis\u00eb. Muzeu Arkeologjik i Durr\u00ebsit \u00ebsht\u00eb themeluar n\u00eb vitin 1951 si nj\u00eb Institucion Kulturor p\u00ebr t\u00eb prezantuar trash\u00ebgimin\u00eb e pasur arkeologjike t\u00eb qytetit t\u00eb Durr\u00ebsit dhe rajonit t\u00eb tij. N\u00eb fillim, Muzeu ka filluar pun\u00ebn e tij duke grumbulluar, studiuar dhe ekspozuar artefaktet dhe gjetjet arkeologjike t\u00eb zbuluara n\u00eb k\u00ebt\u00eb zon\u00eb. Ky Muze ka luajtur nj\u00eb rol t\u00eb r\u00ebnd\u00ebsish\u00ebm n\u00eb dokumentimin dhe ruajtjen e historis\u00eb dhe kultur\u00ebs s\u00eb k\u00ebtij rajoni t\u00eb Shqip\u00ebris\u00eb.<br>Koleksioni i Muzeut Arkeologjik t\u00eb Durr\u00ebsit p\u00ebrfshin nj\u00eb gam\u00eb t\u00eb gjer\u00eb t\u00eb artefakteve dhe gjetjeve arkeologjike t\u00eb zbuluara n\u00eb qytetin dhe rrethin\u00ebn e tij. N\u00eb ekspozitat e tij t\u00eb ndara n\u00eb salla t\u00eb ve\u00e7anta, muzeu ofron nj\u00eb udh\u00ebtim n\u00ebp\u00ebr historin\u00eb e k\u00ebtij rajoni duke p\u00ebrfshir\u00eb periudha t\u00eb ndryshme kohore dhe kulturore.<br>Disa nga eksponent\u00ebt m\u00eb t\u00eb r\u00ebnd\u00ebsish\u00ebm dhe interesant\u00eb n\u00eb Muzeun Arkeologjik t\u00eb Durr\u00ebsit jan\u00eb: Artefakte prehistorike: Pjes\u00eb t\u00eb gjetjeve t\u00eb periudh\u00ebs prehistorike, duke p\u00ebrfshir\u00eb vegla guri, vaza dhe gjetje t\u00eb tjera q\u00eb tregojn\u00eb p\u00ebr aktivitetet e para njer\u00ebzore n\u00eb k\u00ebt\u00eb rajon.<br>1. Artefakte Ilire: Objekte dhe materiale t\u00eb zbuluara nga periudha ilire, si monedha, veshje, dhe arm\u00eb q\u00eb tregojn\u00eb p\u00ebr jet\u00ebn dhe kultur\u00ebn e popullsis\u00eb ilire n\u00eb k\u00ebt\u00eb zon\u00eb.<br>2. Artefakte Helenistike: Gjetje nga periudha helenistike, p\u00ebrfshir\u00eb vaza, skulptura, dhe gur\u00eb me shkrim grek, t\u00eb cilat tregojn\u00eb p\u00ebr influenc\u00ebn e kultur\u00ebs helenistike n\u00eb Durr\u00ebs dhe rajonin p\u00ebrreth.<br>3. Artefakte Romake: Ekspozita p\u00ebrmban nj\u00eb s\u00ebr\u00eb artefaktesh nga periudha romake, duke p\u00ebrfshir\u00eb mozaiket e mbajtura n\u00eb vend, monedha romake, skulptura, dhe gjetje arkitektonike t\u00eb tjera q\u00eb lidhen me qytetin e lasht\u00eb t\u00eb Durr\u00ebsit n\u00eb koh\u00ebn romake.<br>4. Ekspozita e shk\u00ebmbinjve t\u00eb mbajtur n\u00eb muze: Nj\u00eb prej ekspozitave m\u00eb t\u00eb r\u00ebnd\u00ebsishme \u00ebsht\u00eb koleksioni i shk\u00ebmbinjve t\u00eb mbajtur n\u00eb muze, q\u00eb p\u00ebrfshin disa prej gjetjeve m\u00eb t\u00eb r\u00ebnd\u00ebsishme t\u00eb zbuluara n\u00eb k\u00ebt\u00eb rajon, duke treguar p\u00ebr lidhjet e Durr\u00ebsit me bot\u00ebn antike dhe p\u00ebr zhvillimin e tij n\u00ebp\u00ebr shekuj.<br>P\u00ebrpos ekspozitave t\u00eb artefakteve, Muzeu Arkeologjik i Durr\u00ebsit ofron edhe aktivitete t\u00eb tjera si udh\u00ebtime arkeologjike, seminare, dhe aktivitete edukative p\u00ebr t\u00eb rinjt\u00eb dhe vizitor\u00ebt e tjer\u00eb t\u00eb interesuar p\u00ebr historin\u00eb dhe arkeologjin\u00eb. Q\u00ebllimi i muzeut \u00ebsht\u00eb t\u00eb promovoj\u00eb dhe t\u00eb mbroj\u00eb trash\u00ebgimin\u00eb kulturore dhe historike t\u00eb Durr\u00ebsit dhe t\u00eb regjionit t\u00eb tij p\u00ebr brezat e ardhsh\u00ebm.<br>P\u00ebr sa i p\u00ebrket rikonstruksioneve, Muzeu Arkeologjik i Durr\u00ebsit ka kaluar n\u00ebp\u00ebr disa faza t\u00eb rikonstruksioneve dhe p\u00ebrmir\u00ebsimeve t\u00eb ndryshme gjat\u00eb viteve. N\u00eb vitin 1982, muzeu u zhvendos n\u00eb nj\u00eb godin\u00eb t\u00eb re m\u00eb moderne dhe m\u00eb t\u00eb p\u00ebrshtatshme p\u00ebr t\u00eb prezantuar koleksionet dhe ekspozitat e tij arkeologjike. Ky rikonstruksion dhe nd\u00ebrtesa e re i dha muzeut nj\u00eb pamje m\u00eb moderne dhe i mund\u00ebsoi t\u00eb prezantoj\u00eb eksponatet n\u00eb nj\u00eb m\u00ebnyr\u00eb m\u00eb efektive dhe t\u00ebrheq\u00ebse p\u00ebr vizitor\u00ebt. N\u00eb n\u00ebntor t\u00eb vitit 2019 Shqip\u00ebria p\u00ebsoi d\u00ebme t\u00eb konsiderueshme nga termeti me magnitud\u00eb 6,3 i shkall\u00ebs Rihter, i cili mes shum\u00eb objekteve t\u00eb tjera d\u00ebmtoi r\u00ebnd\u00eb edhe Muzeun Arkeologjik t\u00eb Durr\u00ebsit. Si nj\u00eb objekt i r\u00ebnd\u00ebsish\u00ebm kulturor dhe historik ky muze u p\u00ebrzgjodh p\u00ebr t\u2019u restauruar n\u00eb kuad\u00ebr t\u00eb projektit \u201cEU4Culture\u201d, financuar nga Bashkimi Evropian (BE) dhe zbatuar nga Zyra e Kombeve t\u00eb Bashkuara p\u00ebr Sh\u00ebrbimet e Projekteve (UNOPS) n\u00eb bashk\u00ebpunim me Ministrin\u00eb e Ekonomise Kultur\u00ebs dhe Inovacionit.<br>Gjat\u00eb t\u00ebrmetit godina e Muzeut Arkeologjik p\u00ebsoi d\u00ebmtime n\u00eb disa kate t\u00eb saj. D\u00ebmtimet m\u00eb madhore p\u00ebrfshijn\u00eb plasaritje n\u00eb muret ndar\u00ebse, n\u00eb nyjet e muratur\u00ebs dhe n\u00eb seksionet e sip\u00ebrme t\u00eb fasad\u00ebs, si dhe zhvendosje t\u00eb kolonave dhe t\u00eb trar\u00ebve. E gjith\u00eb nd\u00ebrtesa e muzeut, p\u00ebrfshir\u00eb fasad\u00ebn dhe pjes\u00ebn e brendshme, \u00ebsht\u00eb n\u00eb rinovim e sip\u00ebr dhe d\u00ebmtimet e shkaktuara nga t\u00ebrmeti i vitit 2019 jan\u00eb duke u riparuar. Krahas k\u00ebtyre, po kryhet p\u00ebrmir\u00ebsimi dhe p\u00ebrforcimi i sistemeve mekanike, elektrike, t\u00eb ngrohjes, t\u00eb ventilimit, t\u00eb ajrit t\u00eb kondicionuar, t\u00eb evakuimit n\u00eb raste emergjencash, t\u00eb zjarrit dhe t\u00eb siguris\u00eb.<br>N\u00eb pjes\u00ebn e pasme t\u00eb muzeut do t\u00eb instalohet nj\u00eb ashensor panoramik transparent. N\u00eb katin e tret\u00eb do t\u00eb hapet nj\u00eb k\u00ebnd edukativ dhe nj\u00eb kafene, p\u00ebr ta b\u00ebr\u00eb vizit\u00ebn nj\u00eb p\u00ebrvoj\u00eb sa m\u00eb t\u00eb rehatshme e arg\u00ebtuese. Gjithashtu, do t\u00eb hartohet nj\u00eb plan biznesi p\u00ebr t\u2019i ardhur n\u00eb ndihm\u00eb muzeut q\u00eb t\u00eb ket\u00eb flukse t\u00eb q\u00ebndrueshme financiare.<\/p><\/div><\/div><div class=\"vce-row-container\" data-vce-boxed-width=\"true\"><div class=\"vce-row vce-row--col-gap-30 vce-row-equal-height vce-row-content--top\" id=\"el-5b8bd4a4\" data-vce-do-apply=\"all el-5b8bd4a4\"><div class=\"vce-row-content\" data-vce-element-content=\"true\"><div class=\"vce-col vce-col--md-auto vce-col--xs-1 vce-col--xs-last vce-col--xs-first vce-col--sm-last vce-col--sm-first vce-col--md-last vce-col--lg-last vce-col--xl-last vce-col--md-first vce-col--lg-first vce-col--xl-first\" id=\"el-fee3eb73\"><div class=\"vce-col-inner\" data-vce-do-apply=\"border margin background  el-fee3eb73\"><div class=\"vce-col-content\" data-vce-element-content=\"true\" data-vce-do-apply=\"padding el-fee3eb73\"><div class=\"vce-single-image-container vce-single-image--align-left\"><div class=\"vce vce-single-image-wrapper\" id=\"el-ed7c4b80\" data-vce-do-apply=\"all el-ed7c4b80\" data-vce-animate=\"vce-o-animate--slideInDown\"><figure><div class=\"vce-single-image-figure-inner\" style=\"width: 1024px;\"><div class=\"vce-single-image-inner vce-single-image--absolute\" style=\"width: 100%; padding-bottom: 40.918%;\"><img loading=\"lazy\" decoding=\"async\" class=\"vce-single-image\"  width=\"1024\" height=\"419\" srcset=\"https:\/\/www.youthculturalheritage.al\/wp-content\/uploads\/2024\/03\/muzeu1-1-320x131.jpg 320w, https:\/\/www.youthculturalheritage.al\/wp-content\/uploads\/2024\/03\/muzeu1-1-480x196.jpg 480w, https:\/\/www.youthculturalheritage.al\/wp-content\/uploads\/2024\/03\/muzeu1-1-800x327.jpg 800w, https:\/\/www.youthculturalheritage.al\/wp-content\/uploads\/2024\/04\/muzeu1-1-1024x419.jpg 1024w\" src=\"https:\/\/www.youthculturalheritage.al\/wp-content\/uploads\/2024\/04\/muzeu1-1-1024x419.jpg\" data-img-src=\"https:\/\/www.youthculturalheritage.al\/wp-content\/uploads\/2024\/03\/muzeu1-1.jpg\" data-attachment-id=\"3830\"  alt=\"\" title=\"muzeu1\" \/><\/div><\/div><figcaption hidden=\"\"><\/figcaption><\/figure><\/div><\/div><\/div><\/div><\/div><\/div><\/div><\/div><\/div><\/div><\/div><\/div><\/div><\/div><div class=\"vce-row-container\" data-vce-boxed-width=\"true\"><div class=\"vce-row vce-row--col-gap-30 vce-row-equal-height vce-row-content--top\" id=\"el-2b0dfa07\" data-vce-do-apply=\"all el-2b0dfa07\"><div class=\"vce-content-background-container\"><\/div><div class=\"vce-row-content\" data-vce-element-content=\"true\"><div class=\"vce-col vce-col--md-auto vce-col--xs-1 vce-col--xs-last vce-col--xs-first vce-col--sm-last vce-col--sm-first vce-col--md-first vce-col--lg-first vce-col--xl-first\" id=\"el-7c268660\"><div class=\"vce-col-inner\" data-vce-do-apply=\"border margin background  el-7c268660\"><div class=\"vce-col-content\" data-vce-element-content=\"true\" data-vce-do-apply=\"padding el-7c268660\"><div class=\"vce-single-image-container vce-single-image--align-left\"><div class=\"vce vce-single-image-wrapper\" id=\"el-c97e4c36\" data-vce-do-apply=\"all el-c97e4c36\"><figure><div class=\"vce-single-image-figure-inner\" style=\"width: 641px;\"><div class=\"vce-single-image-inner vce-single-image--absolute\" style=\"width: 100%; padding-bottom: 65.5226%;\"><img loading=\"lazy\" decoding=\"async\" class=\"vce-single-image\"  width=\"641\" height=\"420\" srcset=\"https:\/\/www.youthculturalheritage.al\/wp-content\/uploads\/2024\/03\/muzeu2-320x210.jpg 320w, https:\/\/www.youthculturalheritage.al\/wp-content\/uploads\/2024\/03\/muzeu2-480x315.jpg 480w, https:\/\/www.youthculturalheritage.al\/wp-content\/uploads\/2024\/04\/muzeu2-641x420.jpg 641w\" src=\"https:\/\/www.youthculturalheritage.al\/wp-content\/uploads\/2024\/04\/muzeu2-641x420.jpg\" data-img-src=\"https:\/\/www.youthculturalheritage.al\/wp-content\/uploads\/2024\/03\/muzeu2.jpg\" data-attachment-id=\"3823\"  alt=\"\" title=\"muzeu2\" \/><\/div><\/div><figcaption hidden=\"\"><\/figcaption><\/figure><\/div><\/div><\/div><\/div><\/div><div class=\"vce-col vce-col--md-auto vce-col--xs-1 vce-col--xs-last vce-col--xs-first vce-col--sm-last vce-col--sm-first vce-col--md-last vce-col--lg-last vce-col--xl-last\" id=\"el-ad026cfa\"><div class=\"vce-col-inner\" data-vce-do-apply=\"border margin background  el-ad026cfa\"><div class=\"vce-col-content\" data-vce-element-content=\"true\" data-vce-do-apply=\"padding el-ad026cfa\"><div class=\"vce-single-image-container vce-single-image--align-left\"><div class=\"vce vce-single-image-wrapper\" id=\"el-5b6163ed\" data-vce-do-apply=\"all el-5b6163ed\"><figure><div class=\"vce-single-image-figure-inner\" style=\"width: 641px;\"><div class=\"vce-single-image-inner vce-single-image--absolute\" style=\"width: 100%; padding-bottom: 65.5226%;\"><img loading=\"lazy\" decoding=\"async\" class=\"vce-single-image\"  width=\"641\" height=\"420\" srcset=\"https:\/\/www.youthculturalheritage.al\/wp-content\/uploads\/2024\/03\/muzeu3b-320x210.jpg 320w, https:\/\/www.youthculturalheritage.al\/wp-content\/uploads\/2024\/03\/muzeu3b-480x315.jpg 480w, https:\/\/www.youthculturalheritage.al\/wp-content\/uploads\/2024\/04\/muzeu3b-641x420.jpg 641w\" src=\"https:\/\/www.youthculturalheritage.al\/wp-content\/uploads\/2024\/04\/muzeu3b-641x420.jpg\" data-img-src=\"https:\/\/www.youthculturalheritage.al\/wp-content\/uploads\/2024\/03\/muzeu3b.jpg\" data-attachment-id=\"3837\"  alt=\"\" title=\"muzeu3b\" \/><\/div><\/div><figcaption hidden=\"\"><\/figcaption><\/figure><\/div><\/div><\/div><\/div><\/div><\/div><\/div><\/div>\n","protected":false},"excerpt":{"rendered":"<p>Muzeu Arkeologjik i Durr\u00ebsit \u00ebsht\u00eb nj\u00eb Institucion Kulturor i r\u00ebnd\u00ebsish\u00ebm n\u00eb Shqip\u00ebri. Ai ndodhet n\u00eb qytetin bregdetar t\u00eb Durr\u00ebsit, dhe \u00ebsht\u00eb i njohur p\u00ebr trash\u00ebgimin\u00eb e pasur historike dhe arkeologjike. Muzeu \u00ebsht\u00eb vendosur pran\u00eb amfiteatrit t\u00eb Durr\u00ebsit dhe \u00ebsht\u00eb nj\u00eb destinacion i r\u00ebnd\u00ebsish\u00ebm p\u00ebr turist\u00ebt&#8230;<\/p>\n","protected":false},"author":1,"featured_media":0,"parent":0,"menu_order":0,"comment_status":"closed","ping_status":"closed","template":"","meta":{"footnotes":""},"class_list":["post-3816","page","type-page","status-publish","hentry"],"_links":{"self":[{"href":"https:\/\/www.youthculturalheritage.al\/index.php?rest_route=\/wp\/v2\/pages\/3816","targetHints":{"allow":["GET"]}}],"collection":[{"href":"https:\/\/www.youthculturalheritage.al\/index.php?rest_route=\/wp\/v2\/pages"}],"about":[{"href":"https:\/\/www.youthculturalheritage.al\/index.php?rest_route=\/wp\/v2\/types\/page"}],"author":[{"embeddable":true,"href":"https:\/\/www.youthculturalheritage.al\/index.php?rest_route=\/wp\/v2\/users\/1"}],"replies":[{"embeddable":true,"href":"https:\/\/www.youthculturalheritage.al\/index.php?rest_route=%2Fwp%2Fv2%2Fcomments&post=3816"}],"version-history":[{"count":10,"href":"https:\/\/www.youthculturalheritage.al\/index.php?rest_route=\/wp\/v2\/pages\/3816\/revisions"}],"predecessor-version":[{"id":3844,"href":"https:\/\/www.youthculturalheritage.al\/index.php?rest_route=\/wp\/v2\/pages\/3816\/revisions\/3844"}],"wp:attachment":[{"href":"https:\/\/www.youthculturalheritage.al\/index.php?rest_route=%2Fwp%2Fv2%2Fmedia&parent=3816"}],"curies":[{"name":"wp","href":"https:\/\/api.w.org\/{rel}","templated":true}]}}