{"id":3811,"date":"2024-03-18T19:42:42","date_gmt":"2024-03-18T19:42:42","guid":{"rendered":"https:\/\/www.youthculturalheritage.al\/?page_id=3811"},"modified":"2024-04-05T19:02:41","modified_gmt":"2024-04-05T19:02:41","slug":"auto-draft-20","status":"publish","type":"page","link":"https:\/\/www.youthculturalheritage.al\/?page_id=3811","title":{"rendered":"Xhamia e Vog\u00ebl Durr\u00ebs (Xhamia Fatih)"},"content":{"rendered":"<div class=\"vce-row-container\" data-vce-boxed-width=\"true\"><div class=\"vce-row vce-row--col-gap-30 vce-row-equal-height vce-row-content--top\" id=\"el-f579e6ef\" data-vce-do-apply=\"all el-f579e6ef\"><div class=\"vce-row-content\" data-vce-element-content=\"true\"><div class=\"vce-col vce-col--md-auto vce-col--xs-1 vce-col--xs-last vce-col--xs-first vce-col--sm-last vce-col--sm-first vce-col--md-last vce-col--lg-last vce-col--xl-last vce-col--md-first vce-col--lg-first vce-col--xl-first\" id=\"el-89d177d9\"><div class=\"vce-col-inner\" data-vce-do-apply=\"border margin background  el-89d177d9\"><div class=\"vce-col-content\" data-vce-element-content=\"true\" data-vce-do-apply=\"padding el-89d177d9\"><div class=\"vce-text-block\"><div class=\"vce-text-block-wrapper vce\" id=\"el-4595c4f4\" data-vce-do-apply=\"all el-4595c4f4\"><p>E nd\u00ebrtuar n\u00eb vitet 1502-1503 mbi rr\u00ebnojat e nj\u00eb bazilike,&nbsp;xhamia \"Fatih\" \u00ebsht\u00eb nd\u00ebr m\u00eb t\u00eb vjetrat n\u00eb vend. Pran\u00eb Amfiteatrit dhe Torr\u00ebs Veneciane ajo \u00ebsht\u00eb pjes\u00eb e ansamblit muzeal dhe mban emrin e Sulltan Mehmet Fatihut II.<\/p><p>Nga rr\u00ebnojat e bazilik\u00ebs mbi t\u00eb cil\u00ebn \u00ebsht\u00eb nd\u00ebrtuar jan\u00eb ruajtur pak mure me tulla, pjes\u00ebrisht arkada veriore dhe muri per\u00ebndimor i rind\u00ebrtuar me teknik\u00ebn e Kluasonazhit q\u00eb i takon Shek. XIII- XIV. E nd\u00ebrtuar me stil t\u00eb ve\u00e7ant\u00eb, pjesa e sip\u00ebrme p\u00ebrb\u00ebhet nga \u00e7ati me tjegulla dhe jo kupol\u00eb si\u00e7 jemi m\u00ebsuar t\u00eb shohim n\u00eb xhamit\u00eb e tjera.<\/p><p>N\u00eb vitin 1967, xhamis\u00eb iu shemb minarja nga sistemi komunist dhe u kthye n\u00eb magazin\u00eb t\u00eb p\u00ebrkohshme deri n\u00eb vitin 1973, vit n\u00eb t\u00eb cilin mori statusin Monument i Trash\u00ebgimis\u00eb Kulturore. Sot shfryt\u00ebzohet nga Komuniteti Mysliman dhe \u00ebsht\u00eb n\u00eb funksion t\u00eb besimtar\u00ebve t\u00eb cil\u00ebt falen 5 her\u00eb n\u00eb dit\u00eb gjat\u00eb muajit t\u00eb Ramazanit. Vendndodhja e xhamis\u00eb Fatih pran\u00eb brigjeve t\u00eb detit Adriatik dhe Murit Bizantin, Amfiteatrit m\u00eb t\u00eb madh n\u00eb Ballkan dhe Muzeut Etnografik, i jep vler\u00eb t\u00eb ve\u00e7ant\u00eb n\u00eb nj\u00eb kompleksi monumentesh mjaft t\u00ebrheq\u00ebse p\u00ebr turist\u00ebt e huaj.<\/p><\/div><\/div><\/div><\/div><\/div><\/div><\/div><\/div><div class=\"vce-row-container\" data-vce-boxed-width=\"true\"><div class=\"vce-row vce-row--col-gap-30 vce-row-equal-height vce-row-content--top\" id=\"el-4504edf6\" data-vce-do-apply=\"all el-4504edf6\"><div class=\"vce-row-content\" data-vce-element-content=\"true\"><div class=\"vce-col vce-col--md-auto vce-col--xs-1 vce-col--xs-last vce-col--xs-first vce-col--sm-last vce-col--sm-first vce-col--md-first vce-col--lg-first vce-col--xl-first\" id=\"el-9ead9257\"><div class=\"vce-col-inner\" data-vce-do-apply=\"border margin background  el-9ead9257\"><div class=\"vce-col-content\" data-vce-element-content=\"true\" data-vce-do-apply=\"padding el-9ead9257\"><div class=\"vce-single-image-container vce-single-image--align-left\"><div class=\"vce vce-single-image-wrapper\" id=\"el-c43569bd\" data-vce-do-apply=\"all el-c43569bd\"><figure><div class=\"vce-single-image-figure-inner\" style=\"width: 478px;\"><div class=\"vce-single-image-inner vce-single-image--absolute\" style=\"width: 100%; padding-bottom: 124.895%;\"><img loading=\"lazy\" decoding=\"async\" class=\"vce-single-image\"  width=\"478\" height=\"597\" srcset=\"https:\/\/www.youthculturalheritage.al\/wp-content\/uploads\/2024\/03\/xhamia1-320x400.png 320w, https:\/\/www.youthculturalheritage.al\/wp-content\/uploads\/2024\/03\/xhamia1-478x520.png 478w\" src=\"https:\/\/www.youthculturalheritage.al\/wp-content\/uploads\/2024\/03\/xhamia1-478x520.png\" data-img-src=\"https:\/\/www.youthculturalheritage.al\/wp-content\/uploads\/2024\/03\/xhamia1.png\" data-attachment-id=\"3776\"  alt=\"\" title=\"xhamia1\" \/><\/div><\/div><figcaption hidden=\"\"><\/figcaption><\/figure><\/div><\/div><\/div><\/div><\/div><div class=\"vce-col vce-col--md-auto vce-col--xs-1 vce-col--xs-last vce-col--xs-first vce-col--sm-last vce-col--sm-first vce-col--md-last vce-col--lg-last vce-col--xl-last\" id=\"el-1089c020\"><div class=\"vce-col-inner\" data-vce-do-apply=\"border margin background  el-1089c020\"><div class=\"vce-col-content\" data-vce-element-content=\"true\" data-vce-do-apply=\"padding el-1089c020\"><div class=\"vce-single-image-container vce-single-image--align-left\"><div class=\"vce vce-single-image-wrapper\" id=\"el-68d7172d\" data-vce-do-apply=\"all el-68d7172d\"><figure><div class=\"vce-single-image-figure-inner\" style=\"width: 468px;\"><div class=\"vce-single-image-inner vce-single-image--absolute\" style=\"width: 100%; padding-bottom: 133.333%;\"><img loading=\"lazy\" decoding=\"async\" class=\"vce-single-image\"  width=\"468\" height=\"624\" srcset=\"https:\/\/www.youthculturalheritage.al\/wp-content\/uploads\/2024\/03\/xhamia2-320x427.jpg 320w, https:\/\/www.youthculturalheritage.al\/wp-content\/uploads\/2024\/03\/xhamia2-468x520.jpg 468w\" src=\"https:\/\/www.youthculturalheritage.al\/wp-content\/uploads\/2024\/03\/xhamia2-468x520.jpg\" data-img-src=\"https:\/\/www.youthculturalheritage.al\/wp-content\/uploads\/2024\/03\/xhamia2.jpg\" data-attachment-id=\"3777\"  alt=\"\" title=\"xhamia2\" \/><\/div><\/div><figcaption hidden=\"\"><\/figcaption><\/figure><\/div><\/div><\/div><\/div><\/div><\/div><\/div><\/div>\n","protected":false},"excerpt":{"rendered":"<p>E nd\u00ebrtuar n\u00eb vitet 1502-1503 mbi rr\u00ebnojat e nj\u00eb bazilike,&nbsp;xhamia &#8220;Fatih&#8221; \u00ebsht\u00eb nd\u00ebr m\u00eb t\u00eb vjetrat n\u00eb vend. Pran\u00eb Amfiteatrit dhe Torr\u00ebs Veneciane ajo \u00ebsht\u00eb pjes\u00eb e ansamblit muzeal dhe mban emrin e Sulltan Mehmet Fatihut II.Nga rr\u00ebnojat e bazilik\u00ebs mbi t\u00eb cil\u00ebn \u00ebsht\u00eb nd\u00ebrtuar&#8230;<\/p>\n","protected":false},"author":1,"featured_media":0,"parent":0,"menu_order":0,"comment_status":"closed","ping_status":"closed","template":"","meta":{"footnotes":""},"class_list":["post-3811","page","type-page","status-publish","hentry"],"_links":{"self":[{"href":"https:\/\/www.youthculturalheritage.al\/index.php?rest_route=\/wp\/v2\/pages\/3811","targetHints":{"allow":["GET"]}}],"collection":[{"href":"https:\/\/www.youthculturalheritage.al\/index.php?rest_route=\/wp\/v2\/pages"}],"about":[{"href":"https:\/\/www.youthculturalheritage.al\/index.php?rest_route=\/wp\/v2\/types\/page"}],"author":[{"embeddable":true,"href":"https:\/\/www.youthculturalheritage.al\/index.php?rest_route=\/wp\/v2\/users\/1"}],"replies":[{"embeddable":true,"href":"https:\/\/www.youthculturalheritage.al\/index.php?rest_route=%2Fwp%2Fv2%2Fcomments&post=3811"}],"version-history":[{"count":3,"href":"https:\/\/www.youthculturalheritage.al\/index.php?rest_route=\/wp\/v2\/pages\/3811\/revisions"}],"predecessor-version":[{"id":3855,"href":"https:\/\/www.youthculturalheritage.al\/index.php?rest_route=\/wp\/v2\/pages\/3811\/revisions\/3855"}],"wp:attachment":[{"href":"https:\/\/www.youthculturalheritage.al\/index.php?rest_route=%2Fwp%2Fv2%2Fmedia&parent=3811"}],"curies":[{"name":"wp","href":"https:\/\/api.w.org\/{rel}","templated":true}]}}