{"id":3805,"date":"2024-03-18T19:39:38","date_gmt":"2024-03-18T19:39:38","guid":{"rendered":"https:\/\/www.youthculturalheritage.al\/?page_id=3805"},"modified":"2024-03-18T19:39:39","modified_gmt":"2024-03-18T19:39:39","slug":"auto-draft-19","status":"publish","type":"page","link":"https:\/\/www.youthculturalheritage.al\/?page_id=3805","title":{"rendered":"Xhamia e Madhe Durr\u00ebs"},"content":{"rendered":"<div class=\"vce-row-container\" data-vce-boxed-width=\"true\"><div class=\"vce-row vce-row--col-gap-30 vce-row-equal-height vce-row-content--top\" id=\"el-e20518a9\" data-vce-do-apply=\"all el-e20518a9\"><div class=\"vce-row-content\" data-vce-element-content=\"true\"><div class=\"vce-col vce-col--md-auto vce-col--xs-1 vce-col--xs-last vce-col--xs-first vce-col--sm-last vce-col--sm-first vce-col--md-last vce-col--lg-last vce-col--xl-last vce-col--md-first vce-col--lg-first vce-col--xl-first\" id=\"el-2ec60443\"><div class=\"vce-col-inner\" data-vce-do-apply=\"border margin background  el-2ec60443\"><div class=\"vce-col-content\" data-vce-element-content=\"true\" data-vce-do-apply=\"padding el-2ec60443\"><div class=\"vce-text-block\"><div class=\"vce-text-block-wrapper vce\" id=\"el-26dc75ea\" data-vce-do-apply=\"all el-26dc75ea\"><p>Xhamia m\u00eb e madhe n\u00eb qytet, Xhamia e Madhe e Durr\u00ebsit dikur u shnd\u00ebrrua n\u00eb nj\u00eb qend\u00ebr rinore dhe restorant para se t\u00eb kthehej n\u00eb funksionin e saj fillestar si institucion fetar. Viti 1938 sh\u00ebnoi p\u00ebrurimin e Xhamis\u00eb s\u00eb Madhe n\u00eb Durr\u00ebs. N\u00eb at\u00eb koh\u00eb, p\u00ebrve\u00e7 xhamive n\u00eb Turqi, kjo ishte xhamia m\u00eb e madhe n\u00eb Ballkan. P\u00ebrve\u00e7 fondeve t\u00eb dhuruara nga tregtar\u00ebt e qytetit, nd\u00ebrtimi u b\u00eb i mundur edhe nga bashk\u00ebpunimi italo-shqiptar. Kjo e fundit ishte ve\u00e7an\u00ebrisht e fort\u00eb n\u00eb ato vite si rezultat i partneritetit t\u00eb krijuar nga qeveria e Mbretit Zog me vendin fqinj. Arkitekt\u00ebt e xhamis\u00eb ishin italian\u00eb, si rezultat i k\u00ebsaj. Projekti i tyre kishte arkitektur\u00ebn e struktur\u00ebs q\u00eb respektonte tradit\u00ebn islame, duke integruar gjithashtu kolona antike p\u00ebr t\u00eb nderuar historin\u00eb e lasht\u00eb t\u00eb qytetit t\u00eb Durr\u00ebsit. Festimi p\u00ebr p\u00ebrfundimin e xhamis\u00eb p\u00ebrfshiu t\u00eb gjith\u00eb qytetin, duke p\u00ebrfshir\u00eb shum\u00eb delegacione t\u00eb huaja t\u00eb ftuara p\u00ebr t\u00eb marr\u00eb pjes\u00eb n\u00eb k\u00ebt\u00eb ngjarje t\u00eb jasht\u00ebzakonshme.<\/p><\/div><\/div><\/div><\/div><\/div><\/div><\/div><\/div><div class=\"vce-row-container\" data-vce-boxed-width=\"true\"><div class=\"vce-row vce-row--col-gap-30 vce-row-equal-height vce-row-content--top\" id=\"el-c42a942a\" data-vce-do-apply=\"all el-c42a942a\"><div class=\"vce-row-content\" data-vce-element-content=\"true\"><div class=\"vce-col vce-col--md-auto vce-col--xs-1 vce-col--xs-last vce-col--xs-first vce-col--sm-last vce-col--sm-first vce-col--md-first vce-col--lg-first vce-col--xl-first\" id=\"el-60098bf1\"><div class=\"vce-col-inner\" data-vce-do-apply=\"border margin background  el-60098bf1\"><div class=\"vce-col-content\" data-vce-element-content=\"true\" data-vce-do-apply=\"padding el-60098bf1\"><div class=\"vce-single-image-container vce-single-image--align-left\"><div class=\"vce vce-single-image-wrapper\" id=\"el-89a05993\" data-vce-do-apply=\"all el-89a05993\"><figure><div class=\"vce-single-image-figure-inner\" style=\"width: 384px;\"><div class=\"vce-single-image-inner vce-single-image--absolute\" style=\"width: 100%; padding-bottom: 143.49%;\"><img loading=\"lazy\" decoding=\"async\" class=\"vce-single-image\"  width=\"384\" height=\"551\" srcset=\"https:\/\/www.youthculturalheritage.al\/wp-content\/uploads\/2024\/03\/xhamiaM1-320x459.png 320w, https:\/\/www.youthculturalheritage.al\/wp-content\/uploads\/2024\/03\/xhamiaM1-384x520.png 384w\" src=\"https:\/\/www.youthculturalheritage.al\/wp-content\/uploads\/2024\/03\/xhamiaM1-384x520.png\" data-img-src=\"https:\/\/www.youthculturalheritage.al\/wp-content\/uploads\/2024\/03\/xhamiaM1.png\" data-attachment-id=\"3778\"  alt=\"\" title=\"xhamiaM1\" \/><\/div><\/div><figcaption hidden=\"\"><\/figcaption><\/figure><\/div><\/div><\/div><\/div><\/div><div class=\"vce-col vce-col--md-auto vce-col--xs-1 vce-col--xs-last vce-col--xs-first vce-col--sm-last vce-col--sm-first vce-col--md-last vce-col--lg-last vce-col--xl-last\" id=\"el-db889f9a\"><div class=\"vce-col-inner\" data-vce-do-apply=\"border margin background  el-db889f9a\"><div class=\"vce-col-content\" data-vce-element-content=\"true\" data-vce-do-apply=\"padding el-db889f9a\"><div class=\"vce-single-image-container vce-single-image--align-left\"><div class=\"vce vce-single-image-wrapper\" id=\"el-884230d5\" data-vce-do-apply=\"all el-884230d5\"><figure><div class=\"vce-single-image-figure-inner\" style=\"width: 725px;\"><div class=\"vce-single-image-inner vce-single-image--absolute\" style=\"width: 100%; padding-bottom: 66.6207%;\"><img loading=\"lazy\" decoding=\"async\" class=\"vce-single-image\"  width=\"725\" height=\"483\" srcset=\"https:\/\/www.youthculturalheritage.al\/wp-content\/uploads\/2024\/03\/xhamiaM2-320x213.jpg 320w, https:\/\/www.youthculturalheritage.al\/wp-content\/uploads\/2024\/03\/xhamiaM2-480x320.jpg 480w, https:\/\/www.youthculturalheritage.al\/wp-content\/uploads\/2024\/03\/xhamiaM2-725x483.jpg 725w\" src=\"https:\/\/www.youthculturalheritage.al\/wp-content\/uploads\/2024\/03\/xhamiaM2-725x483.jpg\" data-img-src=\"https:\/\/www.youthculturalheritage.al\/wp-content\/uploads\/2024\/03\/xhamiaM2.jpg\" data-attachment-id=\"3779\"  alt=\"\" title=\"xhamiaM2\" \/><\/div><\/div><figcaption hidden=\"\"><\/figcaption><\/figure><\/div><\/div><\/div><\/div><\/div><\/div><\/div><\/div>\n","protected":false},"excerpt":{"rendered":"<p>Xhamia m\u00eb e madhe n\u00eb qytet, Xhamia e Madhe e Durr\u00ebsit dikur u shnd\u00ebrrua n\u00eb nj\u00eb qend\u00ebr rinore dhe restorant para se t\u00eb kthehej n\u00eb funksionin e saj fillestar si institucion fetar. Viti 1938 sh\u00ebnoi p\u00ebrurimin e Xhamis\u00eb s\u00eb Madhe n\u00eb Durr\u00ebs. N\u00eb at\u00eb koh\u00eb,&#8230;<\/p>\n","protected":false},"author":1,"featured_media":0,"parent":0,"menu_order":0,"comment_status":"closed","ping_status":"closed","template":"","meta":{"footnotes":""},"class_list":["post-3805","page","type-page","status-publish","hentry"],"_links":{"self":[{"href":"https:\/\/www.youthculturalheritage.al\/index.php?rest_route=\/wp\/v2\/pages\/3805","targetHints":{"allow":["GET"]}}],"collection":[{"href":"https:\/\/www.youthculturalheritage.al\/index.php?rest_route=\/wp\/v2\/pages"}],"about":[{"href":"https:\/\/www.youthculturalheritage.al\/index.php?rest_route=\/wp\/v2\/types\/page"}],"author":[{"embeddable":true,"href":"https:\/\/www.youthculturalheritage.al\/index.php?rest_route=\/wp\/v2\/users\/1"}],"replies":[{"embeddable":true,"href":"https:\/\/www.youthculturalheritage.al\/index.php?rest_route=%2Fwp%2Fv2%2Fcomments&post=3805"}],"version-history":[{"count":2,"href":"https:\/\/www.youthculturalheritage.al\/index.php?rest_route=\/wp\/v2\/pages\/3805\/revisions"}],"predecessor-version":[{"id":3807,"href":"https:\/\/www.youthculturalheritage.al\/index.php?rest_route=\/wp\/v2\/pages\/3805\/revisions\/3807"}],"wp:attachment":[{"href":"https:\/\/www.youthculturalheritage.al\/index.php?rest_route=%2Fwp%2Fv2%2Fmedia&parent=3805"}],"curies":[{"name":"wp","href":"https:\/\/api.w.org\/{rel}","templated":true}]}}