{"id":3793,"date":"2024-03-18T19:35:23","date_gmt":"2024-03-18T19:35:23","guid":{"rendered":"https:\/\/www.youthculturalheritage.al\/?page_id=3793"},"modified":"2024-04-05T18:59:46","modified_gmt":"2024-04-05T18:59:46","slug":"auto-draft-17","status":"publish","type":"page","link":"https:\/\/www.youthculturalheritage.al\/?page_id=3793","title":{"rendered":"BAZILIKA E ARAPAJT"},"content":{"rendered":"<div class=\"vce-row-container\" data-vce-boxed-width=\"true\"><div class=\"vce-row vce-row--col-gap-30 vce-row-equal-height vce-row-content--top\" id=\"el-14dafac5\" data-vce-do-apply=\"all el-14dafac5\"><div class=\"vce-row-content\" data-vce-element-content=\"true\"><div class=\"vce-col vce-col--md-auto vce-col--xs-1 vce-col--xs-last vce-col--xs-first vce-col--sm-last vce-col--sm-first vce-col--md-last vce-col--lg-last vce-col--xl-last vce-col--md-first vce-col--lg-first vce-col--xl-first\" id=\"el-3968687f\"><div class=\"vce-col-inner\" data-vce-do-apply=\"border margin background  el-3968687f\"><div class=\"vce-col-content\" data-vce-element-content=\"true\" data-vce-do-apply=\"padding el-3968687f\"><div class=\"vce-text-block\"><div class=\"vce-text-block-wrapper vce\" id=\"el-e00ab621\" data-vce-do-apply=\"all el-e00ab621\"><p>Bazilika e Sh\u00ebn M\u00ebhillit gjendet n\u00eb fshatin Arapaj t\u00eb Durr\u00ebsit dhe \u00ebsht\u00eb m\u00eb e madhja e zbuluar deri m\u00eb sot n\u00eb vendin ton\u00eb. E nd\u00ebrtuar n\u00eb fillimin e shekullit VI, n\u00eb qend\u00ebr t\u00eb saj gjendet nj\u00eb mozaik unik p\u00ebr nga p\u00ebrmasat dhe motivet q\u00eb paraqet. Megjithat\u00eb monumenti \u00ebsht\u00eb izoluar n\u00eb qend\u00ebr t\u00eb nj\u00eb lagjeje urbane dhe ka nevoj\u00eb p\u00ebr m\u00eb shum\u00eb v\u00ebmendje. N\u00eb nj\u00eb prej rrug\u00ebve m\u00eb t\u00eb frekuentuara q\u00eb lidh jugun e Shqip\u00ebris\u00eb me rajonin qendror dhe m\u00eb tej me veriun, n\u00eb fshatin Arapaj gjendet nj\u00eb prej thesareve arkeologjike me karakter kulti. Ajo doli n\u00eb drit\u00eb gjat\u00eb fushatave arkeologjike t\u00eb viteve\u2019 80 dhe ka p\u00ebrmasat 65 metra me 28 metra, q\u00eb e b\u00ebn at\u00eb bazilik\u00ebn m\u00eb t\u00eb madhe t\u00eb zbuluar deri m\u00eb sot n\u00eb vendin ton\u00eb. Bazilika e Sh\u00ebn M\u00ebhillit p\u00ebrcaktohet si nj\u00eb nd\u00ebrtim kulti i fillimit t\u00eb shekullit VI, q\u00eb p\u00ebrkon me koh\u00ebn e Perandorit Bizantin Justiniani I (527-565). \u201cBazilika e Sh\u00ebn M\u00ebhillit\u201d u shpall Monument Kulture i Kategoris\u00eb s\u00eb Par\u00eb me vendimin num\u00ebr 8, t\u00eb vitit 1987. Por pavar\u00ebsisht statusit t\u00eb mbrojtjes, zona rreth bazilik\u00ebs nuk i shp\u00ebtoi nd\u00ebrtimeve t\u00eb dendura.<\/p><\/div><\/div><\/div><\/div><\/div><\/div><\/div><\/div><div class=\"vce-row-container\" data-vce-boxed-width=\"true\"><div class=\"vce-row vce-row--col-gap-30 vce-row-equal-height vce-row-content--top\" id=\"el-5c9a9791\" data-vce-do-apply=\"all el-5c9a9791\"><div class=\"vce-row-content\" data-vce-element-content=\"true\"><div class=\"vce-col vce-col--md-auto vce-col--xs-1 vce-col--xs-last vce-col--xs-first vce-col--sm-last vce-col--sm-first vce-col--md-first vce-col--lg-first vce-col--xl-first\" id=\"el-6cd6f9b5\"><div class=\"vce-col-inner\" data-vce-do-apply=\"border margin background  el-6cd6f9b5\"><div class=\"vce-col-content\" data-vce-element-content=\"true\" data-vce-do-apply=\"padding el-6cd6f9b5\"><div class=\"vce-single-image-container vce-single-image--align-left\"><div class=\"vce vce-single-image-wrapper\" id=\"el-e893d3e5\" data-vce-do-apply=\"all el-e893d3e5\"><figure><div class=\"vce-single-image-figure-inner\" style=\"width: 821px;\"><div class=\"vce-single-image-inner vce-single-image--absolute\" style=\"width: 100%; padding-bottom: 68.9403%;\"><img loading=\"lazy\" decoding=\"async\" class=\"vce-single-image\"  width=\"821\" height=\"566\" srcset=\"https:\/\/www.youthculturalheritage.al\/wp-content\/uploads\/2024\/03\/bzarap1-320x221.png 320w, https:\/\/www.youthculturalheritage.al\/wp-content\/uploads\/2024\/03\/bzarap1-480x331.png 480w, https:\/\/www.youthculturalheritage.al\/wp-content\/uploads\/2024\/03\/bzarap1-800x552.png 800w, https:\/\/www.youthculturalheritage.al\/wp-content\/uploads\/2024\/04\/bzarap1-821x566.png 821w\" src=\"https:\/\/www.youthculturalheritage.al\/wp-content\/uploads\/2024\/04\/bzarap1-821x566.png\" data-img-src=\"https:\/\/www.youthculturalheritage.al\/wp-content\/uploads\/2024\/03\/bzarap1.png\" data-attachment-id=\"3785\"  alt=\"\" title=\"bzarap1\" \/><\/div><\/div><figcaption hidden=\"\"><\/figcaption><\/figure><\/div><\/div><\/div><\/div><\/div><div class=\"vce-col vce-col--md-auto vce-col--xs-1 vce-col--xs-last vce-col--xs-first vce-col--sm-last vce-col--sm-first vce-col--md-last vce-col--lg-last vce-col--xl-last\" id=\"el-a908ab2c\"><div class=\"vce-col-inner\" data-vce-do-apply=\"border margin background  el-a908ab2c\"><div class=\"vce-col-content\" data-vce-element-content=\"true\" data-vce-do-apply=\"padding el-a908ab2c\"><div class=\"vce-single-image-container vce-single-image--align-left\"><div class=\"vce vce-single-image-wrapper\" id=\"el-affc5c68\" data-vce-do-apply=\"all el-affc5c68\"><figure><div class=\"vce-single-image-figure-inner\" style=\"width: 543px;\"><div class=\"vce-single-image-inner vce-single-image--absolute\" style=\"width: 100%; padding-bottom: 104.42%;\"><img loading=\"lazy\" decoding=\"async\" class=\"vce-single-image\"  width=\"543\" height=\"567\" srcset=\"https:\/\/www.youthculturalheritage.al\/wp-content\/uploads\/2024\/03\/bazarap2-320x334.jpg 320w, https:\/\/www.youthculturalheritage.al\/wp-content\/uploads\/2024\/03\/bazarap2-480x501.jpg 480w, https:\/\/www.youthculturalheritage.al\/wp-content\/uploads\/2024\/04\/bazarap2-543x567.jpg 543w\" src=\"https:\/\/www.youthculturalheritage.al\/wp-content\/uploads\/2024\/04\/bazarap2-543x567.jpg\" data-img-src=\"https:\/\/www.youthculturalheritage.al\/wp-content\/uploads\/2024\/03\/bazarap2.jpg\" data-attachment-id=\"3784\"  alt=\"\" title=\"bazarap2\" \/><\/div><\/div><figcaption hidden=\"\"><\/figcaption><\/figure><\/div><\/div><\/div><\/div><\/div><\/div><\/div><\/div>\n","protected":false},"excerpt":{"rendered":"<p>Bazilika e Sh\u00ebn M\u00ebhillit gjendet n\u00eb fshatin Arapaj t\u00eb Durr\u00ebsit dhe \u00ebsht\u00eb m\u00eb e madhja e zbuluar deri m\u00eb sot n\u00eb vendin ton\u00eb. E nd\u00ebrtuar n\u00eb fillimin e shekullit VI, n\u00eb qend\u00ebr t\u00eb saj gjendet nj\u00eb mozaik unik p\u00ebr nga p\u00ebrmasat dhe motivet q\u00eb paraqet&#8230;.<\/p>\n","protected":false},"author":1,"featured_media":0,"parent":0,"menu_order":0,"comment_status":"closed","ping_status":"closed","template":"","meta":{"footnotes":""},"class_list":["post-3793","page","type-page","status-publish","hentry"],"_links":{"self":[{"href":"https:\/\/www.youthculturalheritage.al\/index.php?rest_route=\/wp\/v2\/pages\/3793","targetHints":{"allow":["GET"]}}],"collection":[{"href":"https:\/\/www.youthculturalheritage.al\/index.php?rest_route=\/wp\/v2\/pages"}],"about":[{"href":"https:\/\/www.youthculturalheritage.al\/index.php?rest_route=\/wp\/v2\/types\/page"}],"author":[{"embeddable":true,"href":"https:\/\/www.youthculturalheritage.al\/index.php?rest_route=\/wp\/v2\/users\/1"}],"replies":[{"embeddable":true,"href":"https:\/\/www.youthculturalheritage.al\/index.php?rest_route=%2Fwp%2Fv2%2Fcomments&post=3793"}],"version-history":[{"count":3,"href":"https:\/\/www.youthculturalheritage.al\/index.php?rest_route=\/wp\/v2\/pages\/3793\/revisions"}],"predecessor-version":[{"id":3853,"href":"https:\/\/www.youthculturalheritage.al\/index.php?rest_route=\/wp\/v2\/pages\/3793\/revisions\/3853"}],"wp:attachment":[{"href":"https:\/\/www.youthculturalheritage.al\/index.php?rest_route=%2Fwp%2Fv2%2Fmedia&parent=3793"}],"curies":[{"name":"wp","href":"https:\/\/api.w.org\/{rel}","templated":true}]}}