{"id":3771,"date":"2024-03-18T19:28:55","date_gmt":"2024-03-18T19:28:55","guid":{"rendered":"https:\/\/www.youthculturalheritage.al\/?page_id=3771"},"modified":"2024-04-07T08:01:34","modified_gmt":"2024-04-07T08:01:34","slug":"auto-draft-15","status":"publish","type":"page","link":"https:\/\/www.youthculturalheritage.al\/?page_id=3771","title":{"rendered":"Kepi Rodonit dhe Kalaja e Sk\u00ebnderbeut"},"content":{"rendered":"<div class=\"vce-row-container\" data-vce-boxed-width=\"true\"><div class=\"vce-row vce-row--col-gap-30 vce-row-equal-height vce-row-content--top\" id=\"el-ececaa7a\" data-vce-do-apply=\"all el-ececaa7a\"><div class=\"vce-row-content\" data-vce-element-content=\"true\"><div class=\"vce-col vce-col--md-auto vce-col--xs-1 vce-col--xs-last vce-col--xs-first vce-col--sm-last vce-col--sm-first vce-col--md-last vce-col--lg-last vce-col--xl-last vce-col--md-first vce-col--lg-first vce-col--xl-first\" id=\"el-ba9be4d2\"><div class=\"vce-col-inner\" data-vce-do-apply=\"border margin background  el-ba9be4d2\"><div class=\"vce-col-content\" data-vce-element-content=\"true\" data-vce-do-apply=\"padding el-ba9be4d2\"><div class=\"vce-text-block\"><div class=\"vce-text-block-wrapper vce\" id=\"el-00e728d4\" data-vce-do-apply=\"all el-00e728d4\"><p>Kalaja e Rodonit ndodhet n\u00eb kepin e Rodonit. Princi Karl Topia d\u00ebshironte ta kthente k\u00ebt\u00eb vend n\u00eb nj\u00eb kantier detar, nd\u00ebrsa Sk\u00ebnderbeu, duke synuar q\u00eb t\u00eb kishte nj\u00eb dalje t\u00eb af\u00ebrt n\u00eb det, ngriti k\u00ebtu nj\u00eb k\u00ebshtjell\u00eb. Kjo kala filloi t\u00eb ngrihej mbas rrethimit t\u00eb par\u00eb t\u00eb Kruj\u00ebs n\u00eb vitin 1450. P\u00ebrfundimi i saj mendohet t\u00eb jet\u00eb rreth vitit 1452. Muri i k\u00ebshtjell\u00ebs s\u00eb Rodonit arrinte n\u00eb nj\u00eb gjat\u00ebsi prej 400 metrash dhe n\u00eb kulmet e saj kishte kulla t\u00eb rumbullak\u00ebta. N\u00eb vitin 1500 kalaja u pushtua nga Venediku. Si rezultat i veprimtarive erozive t\u00eb uj\u00ebrave t\u00eb detit, nj\u00eb pjes\u00eb e mureve jan\u00eb zhytur n\u00ebn uj\u00ebrat e detit Adriatik. <br>Kepi i Rodonit apo si\u00e7 njihet ndryshe si Muzhili i Sk\u00ebnderbeut \u00ebsht\u00eb nj\u00eb nga stacionet m\u00eb t\u00eb bukura turistike e historike t\u00eb Shqip\u00ebris\u00eb. Emri Rodon vjen nga Per\u00ebndia e detit, q\u00eb quhet Redon. Kisha e Sh\u00ebn Ndout dhe kalaja bregdetare e Sk\u00ebnderbeut \u00ebsht\u00eb nd\u00ebrtuar n\u00eb rast t\u00ebrheqjeje t\u00eb Sk\u00ebnderbeut drejt Venedikut. K\u00ebto jan\u00eb dy nga vendet m\u00eb t\u00eb spikatura dhe t\u00eb p\u00eblqyera nga vizitor\u00ebt vend\u00ebs e t\u00eb huaj, p\u00ebrpos faun\u00ebs e gjelb\u00ebrimit q\u00eb t\u00eb ofron ky kep. N\u00eb brend\u00ebsi t\u00eb kish\u00ebs s\u00eb ndodhur atje, nj\u00eb nd\u00ebrtim i hersh\u00ebm q\u00eb i p\u00ebrket shekullit t\u00eb XIII-t\u00eb dhe funksional p\u00ebrgjat\u00eb koh\u00ebs s\u00eb Sk\u00ebnderbeut, gjendet edhe flamuri origjinal i pikturuar n\u00eb muret e saj, \"t\u00eb ideuar\" q\u00eb nga koha e \"sundimit\" komunist nga ish-ushtar\u00ebt e repartit t\u00eb bateris\u00eb bregdetare, t\u00eb stacionuar shum\u00eb pran\u00eb k\u00ebtij vendi.<\/p><\/div><\/div><\/div><\/div><\/div><\/div><\/div><\/div><div class=\"vce-row-container\" data-vce-boxed-width=\"true\"><div class=\"vce-row vce-row--col-gap-30 vce-row-equal-height vce-row-content--top\" id=\"el-557045f1\" data-vce-do-apply=\"all el-557045f1\"><div class=\"vce-row-content\" data-vce-element-content=\"true\"><div class=\"vce-col vce-col--md-auto vce-col--xs-1 vce-col--xs-last vce-col--xs-first vce-col--sm-last vce-col--sm-first vce-col--md-first vce-col--lg-first vce-col--xl-first\" id=\"el-9fb2897d\"><div class=\"vce-col-inner\" data-vce-do-apply=\"border margin background  el-9fb2897d\"><div class=\"vce-col-content\" data-vce-element-content=\"true\" data-vce-do-apply=\"padding el-9fb2897d\"><div class=\"vce-single-image-container vce-single-image--align-left\"><div class=\"vce vce-single-image-wrapper\" id=\"el-114d02b6\" data-vce-do-apply=\"all el-114d02b6\"><figure><div class=\"vce-single-image-figure-inner\" style=\"width: 480px;\"><div class=\"vce-single-image-inner vce-single-image--absolute\" style=\"width: 100%; padding-bottom: 65.4167%;\"><img loading=\"lazy\" decoding=\"async\" class=\"vce-single-image\"  width=\"480\" height=\"314\" srcset=\"https:\/\/www.youthculturalheritage.al\/wp-content\/uploads\/2024\/03\/Kepi1-320x209.jpg 320w, https:\/\/www.youthculturalheritage.al\/wp-content\/uploads\/2024\/04\/Kepi1-480x314.jpg 480w\" src=\"https:\/\/www.youthculturalheritage.al\/wp-content\/uploads\/2024\/04\/Kepi1-480x314.jpg\" data-img-src=\"https:\/\/www.youthculturalheritage.al\/wp-content\/uploads\/2024\/03\/Kepi1.jpg\" data-attachment-id=\"3772\"  alt=\"\" title=\"Kepi1\" \/><\/div><\/div><figcaption hidden=\"\"><\/figcaption><\/figure><\/div><\/div><\/div><\/div><\/div><div class=\"vce-col vce-col--md-auto vce-col--xs-1 vce-col--xs-last vce-col--xs-first vce-col--sm-last vce-col--sm-first vce-col--md-last vce-col--lg-last vce-col--xl-last\" id=\"el-c48a2b23\"><div class=\"vce-col-inner\" data-vce-do-apply=\"border margin background  el-c48a2b23\"><div class=\"vce-col-content\" data-vce-element-content=\"true\" data-vce-do-apply=\"padding el-c48a2b23\"><div class=\"vce-single-image-container vce-single-image--align-left\"><div class=\"vce vce-single-image-wrapper\" id=\"el-6d956374\" data-vce-do-apply=\"all el-6d956374\"><figure><div class=\"vce-single-image-figure-inner\" style=\"width: 474px;\"><div class=\"vce-single-image-inner vce-single-image--absolute\" style=\"width: 100%; padding-bottom: 100%;\"><img loading=\"lazy\" decoding=\"async\" class=\"vce-single-image\"  width=\"474\" height=\"474\" srcset=\"https:\/\/www.youthculturalheritage.al\/wp-content\/uploads\/2024\/03\/kepi2-320x320.png 320w, https:\/\/www.youthculturalheritage.al\/wp-content\/uploads\/2024\/04\/kepi2-474x474.png 474w\" src=\"https:\/\/www.youthculturalheritage.al\/wp-content\/uploads\/2024\/04\/kepi2-474x474.png\" data-img-src=\"https:\/\/www.youthculturalheritage.al\/wp-content\/uploads\/2024\/03\/kepi2.png\" data-attachment-id=\"3773\"  alt=\"\" title=\"kepi2\" \/><\/div><\/div><figcaption hidden=\"\"><\/figcaption><\/figure><\/div><\/div><\/div><\/div><\/div><\/div><\/div><\/div>\n","protected":false},"excerpt":{"rendered":"<p>Kalaja e Rodonit ndodhet n\u00eb kepin e Rodonit. Princi Karl Topia d\u00ebshironte ta kthente k\u00ebt\u00eb vend n\u00eb nj\u00eb kantier detar, nd\u00ebrsa Sk\u00ebnderbeu, duke synuar q\u00eb t\u00eb kishte nj\u00eb dalje t\u00eb af\u00ebrt n\u00eb det, ngriti k\u00ebtu nj\u00eb k\u00ebshtjell\u00eb. Kjo kala filloi t\u00eb ngrihej mbas rrethimit t\u00eb&#8230;<\/p>\n","protected":false},"author":1,"featured_media":0,"parent":0,"menu_order":0,"comment_status":"closed","ping_status":"closed","template":"","meta":{"footnotes":""},"class_list":["post-3771","page","type-page","status-publish","hentry"],"_links":{"self":[{"href":"https:\/\/www.youthculturalheritage.al\/index.php?rest_route=\/wp\/v2\/pages\/3771","targetHints":{"allow":["GET"]}}],"collection":[{"href":"https:\/\/www.youthculturalheritage.al\/index.php?rest_route=\/wp\/v2\/pages"}],"about":[{"href":"https:\/\/www.youthculturalheritage.al\/index.php?rest_route=\/wp\/v2\/types\/page"}],"author":[{"embeddable":true,"href":"https:\/\/www.youthculturalheritage.al\/index.php?rest_route=\/wp\/v2\/users\/1"}],"replies":[{"embeddable":true,"href":"https:\/\/www.youthculturalheritage.al\/index.php?rest_route=%2Fwp%2Fv2%2Fcomments&post=3771"}],"version-history":[{"count":7,"href":"https:\/\/www.youthculturalheritage.al\/index.php?rest_route=\/wp\/v2\/pages\/3771\/revisions"}],"predecessor-version":[{"id":3859,"href":"https:\/\/www.youthculturalheritage.al\/index.php?rest_route=\/wp\/v2\/pages\/3771\/revisions\/3859"}],"wp:attachment":[{"href":"https:\/\/www.youthculturalheritage.al\/index.php?rest_route=%2Fwp%2Fv2%2Fmedia&parent=3771"}],"curies":[{"name":"wp","href":"https:\/\/api.w.org\/{rel}","templated":true}]}}