{"id":3627,"date":"2023-11-29T18:15:09","date_gmt":"2023-11-29T18:15:09","guid":{"rendered":"https:\/\/www.youthculturalheritage.al\/?page_id=3627"},"modified":"2024-03-18T19:09:12","modified_gmt":"2024-03-18T19:09:12","slug":"auto-draft-12","status":"publish","type":"page","link":"https:\/\/www.youthculturalheritage.al\/?page_id=3627","title":{"rendered":"Manuali &quot;Arkeologu i vog\u00ebl&quot;"},"content":{"rendered":"<div class=\"vce-row-container\" data-vce-boxed-width=\"true\"><div class=\"vce-row vce-row--has-col-background vce-row--col-gap-30 vce-row-equal-height vce-row-content--top\" id=\"el-22a9e905\" data-vce-do-apply=\"all el-22a9e905\"><div class=\"vce-row-content\" data-vce-element-content=\"true\"><div class=\"vce-col vce-element--has-background vce-col--md-auto vce-col--xs-1 vce-col--xs-last vce-col--xs-first vce-col--sm-last vce-col--sm-first vce-col--md-first vce-col--lg-first vce-col--xl-first\" id=\"el-a9c6e859\"><div class=\"vce-col-inner\" data-vce-do-apply=\"border margin background  el-a9c6e859\"><div class=\"vce-content-background-container\"><\/div><div class=\"vce-col-content\" data-vce-element-content=\"true\" data-vce-do-apply=\"padding el-a9c6e859\"><div class=\"vce-single-image-container vce-single-image--align-left\"><div class=\"vce vce-single-image-wrapper\" id=\"el-f6ddd3ce\" data-vce-do-apply=\"all el-f6ddd3ce\"><figure><div class=\"vce-single-image-figure-inner\" style=\"width: 731px;\"><a href=\"https:\/\/www.youthculturalheritage.al\/wp-content\/uploads\/2024\/03\/Manuali-Arkeologu-i-vogel.pdf\" title=\"\" target=\"_blank\" class=\"vce-single-image-inner vce-single-image--absolute\" style=\"width: 100%; padding-bottom: 140.082%;\" rel=\"noopener\"><img loading=\"lazy\" decoding=\"async\" class=\"vce-single-image\"  width=\"731\" height=\"1024\" srcset=\"https:\/\/www.youthculturalheritage.al\/wp-content\/uploads\/2023\/11\/FOTO-MANUALI_ARKIOLOGU-pa-bleed-1-731x1024.jpg 731w, https:\/\/www.youthculturalheritage.al\/wp-content\/uploads\/2023\/11\/FOTO-MANUALI_ARKIOLOGU-pa-bleed-1-320x448.jpg 320w, https:\/\/www.youthculturalheritage.al\/wp-content\/uploads\/2023\/11\/FOTO-MANUALI_ARKIOLOGU-pa-bleed-1-480x672.jpg 480w, https:\/\/www.youthculturalheritage.al\/wp-content\/uploads\/2023\/11\/FOTO-MANUALI_ARKIOLOGU-pa-bleed-1-800x1120.jpg 800w, https:\/\/www.youthculturalheritage.al\/wp-content\/uploads\/2024\/03\/FOTO-MANUALI_ARKIOLOGU-pa-bleed-1-1462x2048.jpg 2x\" src=\"https:\/\/www.youthculturalheritage.al\/wp-content\/uploads\/2023\/11\/FOTO-MANUALI_ARKIOLOGU-pa-bleed-1-731x1024.jpg\" data-img-src=\"https:\/\/www.youthculturalheritage.al\/wp-content\/uploads\/2023\/11\/FOTO-MANUALI_ARKIOLOGU-pa-bleed-1.jpg\" data-attachment-id=\"3634\"  alt=\"\" title=\"SHKARKO MANUALIN\" \/><\/a><\/div><figcaption>SHKARKO MANUALIN<\/figcaption><\/figure><\/div><\/div><\/div><\/div><\/div><div class=\"vce-col vce-col--md-auto vce-col--xs-1 vce-col--xs-last vce-col--xs-first vce-col--sm-last vce-col--sm-first vce-col--md-last vce-col--lg-last vce-col--xl-last\" id=\"el-f7bbf400\"><div class=\"vce-col-inner\" data-vce-do-apply=\"border margin background  el-f7bbf400\"><div class=\"vce-content-background-container\"><\/div><div class=\"vce-col-content\" data-vce-element-content=\"true\" data-vce-do-apply=\"padding el-f7bbf400\"><div class=\"vce-text-block\"><div class=\"vce-text-block-wrapper vce\" id=\"el-09114fb9\" data-vce-do-apply=\"all el-09114fb9\"><p><span style=\"font-size: 10pt;\">Ky manual synon t\u00eb mobilizoj\u00eb pjes\u00ebmarrjen e t\u00eb rinjve n\u00eb Durr\u00ebs p\u00ebr mbrojtjen dhe promovimin e trash\u00ebgimis\u00eb kulturore t\u00eb qytetit. P\u00ebrmes edukimit mbi kultur\u00ebn dhe historin\u00eb lokale, t\u00eb rinjt\u00eb informohen p\u00ebr r\u00ebnd\u00ebsin\u00eb dhe vlerat q\u00eb objektet e trash\u00ebgimis\u00eb kulturore paraqesin dhe kuptojn\u00eb r\u00ebnd\u00ebsin\u00eb e ruajtjes s\u00eb tyre p\u00ebr brezat e ardhsh\u00ebm. Manuali thekson se komunikimi i vlerave t\u00eb trash\u00ebgimis\u00eb nga e kaluara n\u00eb t\u00eb tashmen ka nj\u00eb rol thelb\u00ebsor n\u00eb identitetin dhe bashkimin e komuniteteve, duke krijuar nj\u00eb ndjenj\u00eb t\u00eb p\u00ebrkat\u00ebsis\u00eb dhe krenarie p\u00ebr T\u00eb shkuar\u00ebn.<\/span><br><br><span style=\"font-size: 10pt;\">Edukimi mbi Trash\u00ebgimin\u00eb Kulturore dhe Arkeologjin\u00eb p\u00ebrmendet si nj\u00eb proces q\u00eb duhet t\u00eb filloj\u00eb q\u00eb n\u00eb mosh\u00eb t\u00eb re, duke ofruar nj\u00eb mund\u00ebsi p\u00ebr t\u00eb rinjt\u00eb t\u00eb m\u00ebsojn\u00eb nga vlerat kulturore dhe historike t\u00eb komunitetit ku jetojn\u00eb. N\u00eb kontekstin e zhvillimit ekonomik, manuali argumenton se Trash\u00ebgimia Kulturore luan nj\u00eb rol t\u00eb r\u00ebnd\u00ebsish\u00ebm, ve\u00e7an\u00ebrisht n\u00eb promovimin e turizmit. Megjithat\u00eb, v\u00ebrehet se ende ka shfryt\u00ebzim t\u00eb pak\u00ebt t\u00eb potencialit real q\u00eb qyteti i Durr\u00ebsit ofron p\u00ebr turist\u00ebt.<\/span><br><br><span style=\"font-size: 10pt;\">Manuali gjithashtu v\u00eb n\u00eb dukje se aspekti kulturor i Durr\u00ebsit nuk \u00ebsht\u00eb i njohur mjaftuesh\u00ebm p\u00ebr turist\u00ebt dhe shpesh neglizhohet nga banor\u00ebt vendas. P\u00ebr t\u00eb p\u00ebrmir\u00ebsuar k\u00ebt\u00eb situat\u00eb, nevojitet nj\u00eb p\u00ebrpjekje e shtuar p\u00ebr reklamim t\u00eb trash\u00ebgimis\u00eb kulturore dhe arkeologjis\u00eb tek turist\u00ebt e huaj dhe nd\u00ebrgjegj\u00ebsimin e komunitetit lokal rreth vlerave t\u00eb kultur\u00ebs dhe historis\u00eb s\u00eb tyre. Veprimtaria ndaj trash\u00ebgimis\u00eb kulturore dhe arkeologjike shihet si nj\u00eb pro\u00e7es i vazhduesh\u00ebm dhe dinamik, me nevoj\u00eb p\u00ebr p\u00ebrfshirjen e komuniteteve, ve\u00e7an\u00ebrisht t\u00eb t\u00eb rinjve, p\u00ebr mbrojtjen dhe p\u00ebrdorimin e drejt\u00eb t\u00eb k\u00ebsaj trash\u00ebgimie n\u00eb funksion t\u00eb zhvillimit.<\/span><br><br><span style=\"font-size: 10pt;\">N\u00eb fund, manuali thekson r\u00ebnd\u00ebsin\u00eb e perceptimit t\u00eb duhur t\u00eb trash\u00ebgimis\u00eb arkeologjike dhe informimin e publikut rreth vlerave dhe pro\u00e7eseve t\u00eb menaxhimit t\u00eb saj.<\/span><br><br><span style=\"font-size: 10pt;\">P\u00ebr t\u00eb arritur k\u00ebt\u00eb, njohja e qytetar\u00ebve me t\u00ebr\u00ebsin\u00eb e pun\u00ebs q\u00eb \u00e7on n\u00eb shtimin dhe p\u00ebrmir\u00ebsimin e trash\u00ebgimis\u00eb arkeologjike konsiderohet e r\u00ebnd\u00ebsishme dhe duhet t\u00eb integrohet n\u00eb Edukimin Shkollor. Manuali synon t\u00eb sh\u00ebrbej\u00eb si burim informacioni dhe udh\u00ebzim p\u00ebr t\u00eb gjith\u00eb ata q\u00eb d\u00ebshirojn\u00eb t\u00eb m\u00ebsojn\u00eb m\u00eb shum\u00eb mbi Arkeologjin\u00eb dhe Trash\u00ebgimin\u00eb Kulturore.<\/span><\/p><\/div><\/div><\/div><\/div><\/div><\/div><\/div><\/div>\n","protected":false},"excerpt":{"rendered":"<p>SHKARKO MANUALINKy manual synon t\u00eb mobilizoj\u00eb pjes\u00ebmarrjen e t\u00eb rinjve n\u00eb Durr\u00ebs p\u00ebr mbrojtjen dhe promovimin e trash\u00ebgimis\u00eb kulturore t\u00eb qytetit. P\u00ebrmes edukimit mbi kultur\u00ebn dhe historin\u00eb lokale, t\u00eb rinjt\u00eb informohen p\u00ebr r\u00ebnd\u00ebsin\u00eb dhe vlerat q\u00eb objektet e trash\u00ebgimis\u00eb kulturore paraqesin dhe kuptojn\u00eb r\u00ebnd\u00ebsin\u00eb e&#8230;<\/p>\n","protected":false},"author":1,"featured_media":0,"parent":0,"menu_order":0,"comment_status":"closed","ping_status":"closed","template":"","meta":{"footnotes":""},"class_list":["post-3627","page","type-page","status-publish","hentry"],"_links":{"self":[{"href":"https:\/\/www.youthculturalheritage.al\/index.php?rest_route=\/wp\/v2\/pages\/3627","targetHints":{"allow":["GET"]}}],"collection":[{"href":"https:\/\/www.youthculturalheritage.al\/index.php?rest_route=\/wp\/v2\/pages"}],"about":[{"href":"https:\/\/www.youthculturalheritage.al\/index.php?rest_route=\/wp\/v2\/types\/page"}],"author":[{"embeddable":true,"href":"https:\/\/www.youthculturalheritage.al\/index.php?rest_route=\/wp\/v2\/users\/1"}],"replies":[{"embeddable":true,"href":"https:\/\/www.youthculturalheritage.al\/index.php?rest_route=%2Fwp%2Fv2%2Fcomments&post=3627"}],"version-history":[{"count":10,"href":"https:\/\/www.youthculturalheritage.al\/index.php?rest_route=\/wp\/v2\/pages\/3627\/revisions"}],"predecessor-version":[{"id":3765,"href":"https:\/\/www.youthculturalheritage.al\/index.php?rest_route=\/wp\/v2\/pages\/3627\/revisions\/3765"}],"wp:attachment":[{"href":"https:\/\/www.youthculturalheritage.al\/index.php?rest_route=%2Fwp%2Fv2%2Fmedia&parent=3627"}],"curies":[{"name":"wp","href":"https:\/\/api.w.org\/{rel}","templated":true}]}}